{"id":18,"date":"2016-05-16T19:20:20","date_gmt":"2016-05-16T19:20:20","guid":{"rendered":"http:\/\/acicorporation.com\/?page_id=18"},"modified":"2025-05-14T12:34:37","modified_gmt":"2025-05-14T16:34:37","slug":"lidar-technology","status":"publish","type":"page","link":"https:\/\/acicorporation.com\/espanol\/lidar-technology\/","title":{"rendered":"Tecnolog\u00eda LiDAR"},"content":{"rendered":"<div class=\"wpb-content-wrapper\">[vc_row content_placement=&#8221;middle&#8221; video_bg_url=&#8221;https:\/\/www.youtube.com\/watch?v=V5ELL1BL-1s&#8221; center_row=&#8221;yes&#8221; css=&#8221;.vc_custom_1746551821712{background-position: center !important;background-repeat: no-repeat !important;background-size: cover !important;}&#8221; wpex_bg_overlay=&#8221;custom&#8221; wpex_bg_overlay_color=&#8221;#000000&#8243; wpex_bg_overlay_opacity=&#8221;20%&#8221; video_bg=&#8221;youtube&#8221;][vc_column]\t<style>.vcex_6a04cdde356d0{height:250px;}@media (max-width:1024px){.vcex_6a04cdde356d0{height:150px;}}@media (max-width:959px){.vcex_6a04cdde356d0{height:150px;}}@media (max-width:767px){.vcex_6a04cdde356d0{height:200px;}}@media (max-width:479px){.vcex_6a04cdde356d0{height:200px;}}<\/style>\n<div class=\"vcex-spacing wpex-w-100 wpex-clear vcex_6a04cdde356d0\"><\/div>[vc_column_text css=&#8221;.vc_custom_1747240432613{margin-bottom: 30px !important;}&#8221; text_align=&#8221;center&#8221; color=&#8221;#ffffff&#8221; font_size=&#8221;d:2.4em|tl:2em|tp:2em|pl:1.5em|pp:1.5em&#8221;]\n<h1>Topograf\u00eda LiDAR y Procesamiento de Datos<\/h1>\n[\/vc_column_text][vc_column_text css=&#8221;&#8221; el_class=&#8221;excerpt&#8221; color=&#8221;#ffffff&#8221; width=&#8221;800px&#8221;]\n<p style=\"text-align: center;\">ACI cuenta con un equipo de medici\u00f3n avanzado para Topograf\u00eda LiDAR Fotogrametr\u00eda que incluye LiDAR a\u00e9reo, LiDAR a\u00e9reo no tripulado (drones), LiDAR M\u00f3vil, fotogrametr\u00eda a\u00e9rea y tecnolog\u00eda de ecosonda.<\/p>\n[\/vc_column_text]\t<style>.vcex_6a04cdde35810{height:150px;}@media (max-width:1024px){.vcex_6a04cdde35810{height:150px;}}@media (max-width:959px){.vcex_6a04cdde35810{height:150px;}}@media (max-width:767px){.vcex_6a04cdde35810{height:50px;}}@media (max-width:479px){.vcex_6a04cdde35810{height:50px;}}<\/style>\n<div class=\"vcex-spacing wpex-w-100 wpex-clear vcex_6a04cdde35810\"><\/div>[\/vc_column][\/vc_row][vc_row center_row=&#8221;yes&#8221; css=&#8221;.vc_custom_1463503932805{padding-top: 70px !important;padding-right: 7% !important;padding-left: 7% !important;background-color: #ffffff !important;}&#8221; el_class=&#8221;BodyGradient&#8221;][vc_column][vc_column_text css=&#8221;.vc_custom_1535404868196{margin-bottom: 50px !important;}&#8221;]Seleccionar cual tipo de tecnolog\u00eda 3D para el levantamiento topogr\u00e1fico de un proyecto en particular puede ser desafiante. ACI compara tecnolog\u00edas para seleccionar la opci\u00f3n que r\u00e1pidamente capturara los datos topogr\u00e1ficos necesarios al m\u00e1s bajo costo para el cliente.<\/p>\n<p>LiDAR terrestre provee la mayor precisi\u00f3n y densidad de puntos en comparaci\u00f3n con cualquier otra tecnolog\u00eda 3D para levantamientos topogr\u00e1ficos. Sin embargo, restricciones de tiempo y acceso limitado a las zonas de los proyectos pueden complicar la recolecci\u00f3n de la informaci\u00f3n LiDAR terrestre. Al utilizar LiDAR a\u00e9reo, datos topogr\u00e1ficos en todo tipo de terrenos, sean planos, ondulados o monta\u00f1osos, con o sin vegetaci\u00f3n, pueden ser adquiridos f\u00e1cilmente.<\/p>\n<p>Levantamiento de mapas a trav\u00e9s de fotogrametr\u00eda a\u00e9rea tambi\u00e9n provee un m\u00e9todo econ\u00f3mico para establecer una base digital precisa hacia actividades tales como planificaci\u00f3n urbana, an\u00e1lisis de terrenos y manejo forestal.<\/p>\n<p>ACI usa informaci\u00f3n batim\u00e9trica de tecnolog\u00eda de eco sonda para obtener datos topogr\u00e1ficos cerca de l\u00edneas costeras, puertos y playas, as\u00ed mismo para ubicar objetos en el fondo del mar.[\/vc_column_text][vc_row_inner css=&#8221;.vc_custom_1535404876306{margin-bottom: 50px !important;border-top-width: 1px !important;border-right-width: 1px !important;border-bottom-width: 1px !important;border-left-width: 1px !important;padding-top: 25px !important;padding-right: 25px !important;padding-left: 25px !important;border-left-color: #6dab3c !important;border-left-style: solid !important;border-right-color: #6dab3c !important;border-right-style: solid !important;border-top-color: #6dab3c !important;border-top-style: solid !important;border-bottom-color: #6dab3c !important;border-bottom-style: solid !important;}&#8221;][vc_column_inner][vc_single_image image=&#8221;769&#8243; add_caption=&#8221;yes&#8221; alignment=&#8221;center&#8221; css=&#8221;.vc_custom_1524077072558{margin-bottom: 15px !important;}&#8221; lightbox_custom_img=&#8221;769&#8243;][vc_column_text el_class=&#8221;excerpt&#8221;]\n<p style=\"text-align: center;\">ACI USA cuenta con el equipo LIDAR a\u00e9reo m\u00e1s nuevo de la industria. EL GALAXY!<\/p>\n[\/vc_column_text][\/vc_column_inner][\/vc_row_inner][vc_row_inner css=&#8221;.vc_custom_1535404881884{margin-bottom: 50px !important;}&#8221;][vc_column_inner width=&#8221;1\/3&#8243;][vc_single_image image=&#8221;341&#8243; add_caption=&#8221;yes&#8221; alignment=&#8221;center&#8221; style=&#8221;vc_box_outline&#8221; border_color=&#8221;green&#8221; lightbox_custom_img=&#8221;341&#8243;]<div class=\"vcex-spacing wpex-w-100 wpex-clear\"><\/div>[vc_single_image image=&#8221;771&#8243; add_caption=&#8221;yes&#8221; alignment=&#8221;center&#8221; style=&#8221;vc_box_outline&#8221; border_color=&#8221;green&#8221; lightbox_custom_img=&#8221;771&#8243;][\/vc_column_inner][vc_column_inner width=&#8221;2\/3&#8243;][vc_column_text]\n<h2>Sensores LiDAR y C\u00e1maras A\u00e9reas<\/h2>\n[\/vc_column_text][vc_column_text]ACI USA ofrece tecnolog\u00eda 3D de levantamiento topogr\u00e1fico para varias aplicaciones. Aplicaciones para LiDAR y fotogrametr\u00eda incluyen, pero no est\u00e1n limitadas a:<\/p>\n<ul>\n<li>Generaci\u00f3n de modelos digitales de terreno para diferentes fines<\/li>\n<li>Evaluaciones Topogr\u00e1ficas<\/li>\n<li>Dise\u00f1o y Mantenimiento de Carreteras e Infraestructura Vial<\/li>\n<li>Sistemas de Informaci\u00f3n Geogr\u00e1fica (SIG)<\/li>\n<li>Estudios Ambientales<\/li>\n<li>Dise\u00f1o y Monitoreo de Presas<\/li>\n<li>Catastro Urbano y Rural<\/li>\n<li>L\u00edneas de Transmisi\u00f3n El\u00e9ctrica<\/li>\n<li>Estudios Hidrol\u00f3gicos<\/li>\n<li>Dise\u00f1o y Mantenimiento de Aeropuertos<\/li>\n<li>studios Forestales y Agr\u00f3nomos<\/li>\n<li>Exploraci\u00f3n y Planificaci\u00f3n Minera<\/li>\n<li>Dise\u00f1o y Mantenimiento de Infraestructura Urbana<\/li>\n<\/ul>\n[\/vc_column_text][\/vc_column_inner][\/vc_row_inner][vc_row_inner css=&#8221;.vc_custom_1535404876306{margin-bottom: 50px !important;border-top-width: 1px !important;border-right-width: 1px !important;border-bottom-width: 1px !important;border-left-width: 1px !important;padding-top: 25px !important;padding-right: 25px !important;padding-left: 25px !important;border-left-color: #6dab3c !important;border-left-style: solid !important;border-right-color: #6dab3c !important;border-right-style: solid !important;border-top-color: #6dab3c !important;border-top-style: solid !important;border-bottom-color: #6dab3c !important;border-bottom-style: solid !important;}&#8221;][vc_column_inner][vc_column_text css=&#8221;.vc_custom_1535405003163{margin-bottom: 30px !important;}&#8221;]\n<h2 style=\"text-align: center;\">El Trole LiDAR m\u00f3vil de NavVis<\/h2>\n[\/vc_column_text]<div class=\"vcex-image-grid-wrap\"><div class=\"vcex-image-grid-css-wrapper vc_custom_1535405030199\"><div class=\"vcex-module vcex-image-grid grid-style-default wpex-row wpex-clr wpex-lightbox-group\"><div class=\"id-820 vcex-image-grid-entry vcex-grid-item wpex-text-center span_1_of_2 span_1_of_2_tl span_1_of_2_tp col col-1\"><figure class=\"vcex-image-grid-entry-figure wpex-last-mb-0 wpex-clr\"><div class=\"vcex-image-grid-entry-img entry-media wpex-relative wpex-mb-20\"><a href=\"https:\/\/i0.wp.com\/acicorporation.com\/espanol\/wp-content\/uploads\/sites\/4\/2018\/08\/navvis-img-1.jpg?fit=800%2C498&#038;ssl=1\" class=\"vcex-image-grid-entry-link wpex-lightbox-group-item\" ><img width=\"800\" height=\"498\" src=\"https:\/\/i0.wp.com\/acicorporation.com\/espanol\/wp-content\/uploads\/sites\/4\/2018\/08\/navvis-img-1.jpg?fit=800%2C498&amp;ssl=1\" class=\"wpex-align-middle\" alt=\"\" loading=\"lazy\" decoding=\"async\" srcset=\"https:\/\/i0.wp.com\/acicorporation.com\/espanol\/wp-content\/uploads\/sites\/4\/2018\/08\/navvis-img-1.jpg?w=800&amp;ssl=1 800w, https:\/\/i0.wp.com\/acicorporation.com\/espanol\/wp-content\/uploads\/sites\/4\/2018\/08\/navvis-img-1.jpg?resize=300%2C187&amp;ssl=1 300w, https:\/\/i0.wp.com\/acicorporation.com\/espanol\/wp-content\/uploads\/sites\/4\/2018\/08\/navvis-img-1.jpg?resize=768%2C478&amp;ssl=1 768w\" sizes=\"auto, (max-width: 800px) 100vw, 800px\" \/><\/a><\/div><\/figure><\/div><div class=\"id-819 vcex-image-grid-entry vcex-grid-item wpex-text-center span_1_of_2 span_1_of_2_tl span_1_of_2_tp col col-2\"><figure class=\"vcex-image-grid-entry-figure wpex-last-mb-0 wpex-clr\"><div class=\"vcex-image-grid-entry-img entry-media wpex-relative wpex-mb-20\"><a href=\"https:\/\/i0.wp.com\/acicorporation.com\/espanol\/wp-content\/uploads\/sites\/4\/2018\/08\/navvis-img-2.jpg?fit=800%2C498&#038;ssl=1\" class=\"vcex-image-grid-entry-link wpex-lightbox-group-item\" ><img width=\"800\" height=\"498\" src=\"https:\/\/i0.wp.com\/acicorporation.com\/espanol\/wp-content\/uploads\/sites\/4\/2018\/08\/navvis-img-2.jpg?fit=800%2C498&amp;ssl=1\" class=\"wpex-align-middle\" alt=\"\" loading=\"lazy\" decoding=\"async\" srcset=\"https:\/\/i0.wp.com\/acicorporation.com\/espanol\/wp-content\/uploads\/sites\/4\/2018\/08\/navvis-img-2.jpg?w=800&amp;ssl=1 800w, https:\/\/i0.wp.com\/acicorporation.com\/espanol\/wp-content\/uploads\/sites\/4\/2018\/08\/navvis-img-2.jpg?resize=300%2C187&amp;ssl=1 300w, https:\/\/i0.wp.com\/acicorporation.com\/espanol\/wp-content\/uploads\/sites\/4\/2018\/08\/navvis-img-2.jpg?resize=768%2C478&amp;ssl=1 768w\" sizes=\"auto, (max-width: 800px) 100vw, 800px\" \/><\/a><\/div><\/figure><\/div><\/div><\/div><\/div>[vc_column_text]\n<p style=\"text-align: center;\">Captura de 20 a 30 veces mas area en un d\u00eda comparado a scanners de base tr\u00edpode.<br \/>\n<strong>Scan para CAD\/BIM \u2013 Administraci\u00f3n de Construcci\u00f3n e Instalaciones \u2013 Navegaci\u00f3n para Interiores<\/strong><\/p>\n[\/vc_column_text][\/vc_column_inner][\/vc_row_inner][\/vc_column][\/vc_row]\n<\/div>","protected":false},"excerpt":{"rendered":"<p>[vc_row content_placement=&#8221;middle&#8221; video_bg_url=&#8221;https:\/\/www.youtube.com\/watch?v=V5ELL1BL-1s&#8221; center_row=&#8221;yes&#8221; css=&#8221;.vc_custom_1746551821712{background-position: center !important;background-repeat: no-repeat !important;background-size: cover !important;}&#8221; wpex_bg_overlay=&#8221;custom&#8221; wpex_bg_overlay_color=&#8221;#000000&#8243; wpex_bg_overlay_opacity=&#8221;20%&#8221; video_bg=&#8221;youtube&#8221;][vc_column][vc_column_text css=&#8221;.vc_custom_1747240432613{margin-bottom: 30px !important;}&#8221; text_align=&#8221;center&#8221; color=&#8221;#ffffff&#8221; font_size=&#8221;d:2.4em|tl:2em|tp:2em|pl:1.5em|pp:1.5em&#8221;] Topograf\u00eda LiDAR y Procesamiento de Datos [\/vc_column_text][vc_column_text css=&#8221;&#8221; el_class=&#8221;excerpt&#8221; color=&#8221;#ffffff&#8221; width=&#8221;800px&#8221;] ACI cuenta con un equipo de medici\u00f3n avanzado para Topograf\u00eda LiDAR Fotogrametr\u00eda que incluye LiDAR a\u00e9reo, LiDAR a\u00e9reo no tripulado (drones), LiDAR M\u00f3vil,&hellip;<\/p>\n","protected":false},"author":1,"featured_media":555,"parent":0,"menu_order":0,"comment_status":"closed","ping_status":"closed","template":"","meta":{"footnotes":""},"class_list":["post-18","page","type-page","status-publish","has-post-thumbnail","hentry","entry","no-media"],"yoast_head":"<!-- This site is optimized with the Yoast SEO plugin v27.6 - https:\/\/yoast.com\/product\/yoast-seo-wordpress\/ -->\n<title>Topograf\u00eda LiDAR y Fotogrametr\u00eda - Tecnolog\u00eda Lidar - ACI Corporation<\/title>\n<meta name=\"description\" content=\"Topograf\u00eda LiDAR y Fotogrametr\u00eda - ACI tiene equipo de medici\u00f3n avanzado para Topograf\u00eda y Fotogrametr\u00eda el cual incluye sistema LiDAR a\u00e9reo no tripulado.\" \/>\n<meta name=\"robots\" content=\"index, follow, max-snippet:-1, max-image-preview:large, max-video-preview:-1\" \/>\n<link rel=\"canonical\" href=\"https:\/\/acicorporation.com\/espanol\/lidar-technology\/\" \/>\n<meta property=\"og:locale\" content=\"en_US\" \/>\n<meta property=\"og:type\" content=\"article\" \/>\n<meta property=\"og:title\" content=\"Topograf\u00eda LiDAR y Fotogrametr\u00eda - Tecnolog\u00eda Lidar - ACI Corporation\" \/>\n<meta property=\"og:description\" content=\"Topograf\u00eda LiDAR y Fotogrametr\u00eda - ACI tiene equipo de medici\u00f3n avanzado para Topograf\u00eda y Fotogrametr\u00eda el cual incluye sistema LiDAR a\u00e9reo no tripulado.\" \/>\n<meta property=\"og:url\" content=\"https:\/\/acicorporation.com\/espanol\/lidar-technology\/\" \/>\n<meta property=\"og:site_name\" content=\"ACI Corporation Esp\" \/>\n<meta property=\"article:modified_time\" content=\"2025-05-14T16:34:37+00:00\" \/>\n<meta property=\"og:image\" content=\"https:\/\/acicorporation.com\/espanol\/wp-content\/uploads\/sites\/4\/2016\/05\/lidar-image-6.jpg\" \/>\n\t<meta property=\"og:image:width\" content=\"1903\" \/>\n\t<meta property=\"og:image:height\" content=\"1047\" \/>\n\t<meta property=\"og:image:type\" content=\"image\/jpeg\" \/>\n<meta name=\"twitter:card\" content=\"summary_large_image\" \/>\n<meta name=\"twitter:label1\" content=\"Est. reading time\" \/>\n\t<meta name=\"twitter:data1\" content=\"3 minutes\" \/>\n<script type=\"application\/ld+json\" class=\"yoast-schema-graph\">{\"@context\":\"https:\\\/\\\/schema.org\",\"@graph\":[{\"@type\":\"WebPage\",\"@id\":\"https:\\\/\\\/acicorporation.com\\\/espanol\\\/lidar-technology\\\/\",\"url\":\"https:\\\/\\\/acicorporation.com\\\/espanol\\\/lidar-technology\\\/\",\"name\":\"Topograf\u00eda LiDAR y Fotogrametr\u00eda - Tecnolog\u00eda Lidar - ACI Corporation\",\"isPartOf\":{\"@id\":\"https:\\\/\\\/acicorporation.com\\\/espanol\\\/#website\"},\"primaryImageOfPage\":{\"@id\":\"https:\\\/\\\/acicorporation.com\\\/espanol\\\/lidar-technology\\\/#primaryimage\"},\"image\":{\"@id\":\"https:\\\/\\\/acicorporation.com\\\/espanol\\\/lidar-technology\\\/#primaryimage\"},\"thumbnailUrl\":\"https:\\\/\\\/i0.wp.com\\\/acicorporation.com\\\/espanol\\\/wp-content\\\/uploads\\\/sites\\\/4\\\/2016\\\/05\\\/lidar-image-6.jpg?fit=1903%2C1047&ssl=1\",\"datePublished\":\"2016-05-16T19:20:20+00:00\",\"dateModified\":\"2025-05-14T16:34:37+00:00\",\"description\":\"Topograf\u00eda LiDAR y Fotogrametr\u00eda - ACI tiene equipo de medici\u00f3n avanzado para Topograf\u00eda y Fotogrametr\u00eda el cual incluye sistema LiDAR a\u00e9reo no tripulado.\",\"breadcrumb\":{\"@id\":\"https:\\\/\\\/acicorporation.com\\\/espanol\\\/lidar-technology\\\/#breadcrumb\"},\"inLanguage\":\"en-US\",\"potentialAction\":[{\"@type\":\"ReadAction\",\"target\":[\"https:\\\/\\\/acicorporation.com\\\/espanol\\\/lidar-technology\\\/\"]}]},{\"@type\":\"ImageObject\",\"inLanguage\":\"en-US\",\"@id\":\"https:\\\/\\\/acicorporation.com\\\/espanol\\\/lidar-technology\\\/#primaryimage\",\"url\":\"https:\\\/\\\/i0.wp.com\\\/acicorporation.com\\\/espanol\\\/wp-content\\\/uploads\\\/sites\\\/4\\\/2016\\\/05\\\/lidar-image-6.jpg?fit=1903%2C1047&ssl=1\",\"contentUrl\":\"https:\\\/\\\/i0.wp.com\\\/acicorporation.com\\\/espanol\\\/wp-content\\\/uploads\\\/sites\\\/4\\\/2016\\\/05\\\/lidar-image-6.jpg?fit=1903%2C1047&ssl=1\",\"width\":1903,\"height\":1047,\"caption\":\"Topograf\u00eda LiDAR y Fotogrametr\u00eda - Tecnolog\u00eda Lidar\"},{\"@type\":\"BreadcrumbList\",\"@id\":\"https:\\\/\\\/acicorporation.com\\\/espanol\\\/lidar-technology\\\/#breadcrumb\",\"itemListElement\":[{\"@type\":\"ListItem\",\"position\":1,\"name\":\"Home\",\"item\":\"https:\\\/\\\/acicorporation.com\\\/espanol\\\/\"},{\"@type\":\"ListItem\",\"position\":2,\"name\":\"Tecnolog\u00eda LiDAR\"}]},{\"@type\":\"WebSite\",\"@id\":\"https:\\\/\\\/acicorporation.com\\\/espanol\\\/#website\",\"url\":\"https:\\\/\\\/acicorporation.com\\\/espanol\\\/\",\"name\":\"ACI Corporation\",\"description\":\"Civil Engineering Firm \u2013 Transportation Planning \u2013 Roadway Design and Evaluation \u2013 LiDAR Surveying\",\"publisher\":{\"@id\":\"https:\\\/\\\/acicorporation.com\\\/espanol\\\/#organization\"},\"potentialAction\":[{\"@type\":\"SearchAction\",\"target\":{\"@type\":\"EntryPoint\",\"urlTemplate\":\"https:\\\/\\\/acicorporation.com\\\/espanol\\\/?s={search_term_string}\"},\"query-input\":{\"@type\":\"PropertyValueSpecification\",\"valueRequired\":true,\"valueName\":\"search_term_string\"}}],\"inLanguage\":\"en-US\"},{\"@type\":\"Organization\",\"@id\":\"https:\\\/\\\/acicorporation.com\\\/espanol\\\/#organization\",\"name\":\"ACI USA Inc.\",\"url\":\"https:\\\/\\\/acicorporation.com\\\/espanol\\\/\",\"logo\":{\"@type\":\"ImageObject\",\"inLanguage\":\"en-US\",\"@id\":\"https:\\\/\\\/acicorporation.com\\\/espanol\\\/#\\\/schema\\\/logo\\\/image\\\/\",\"url\":\"https:\\\/\\\/i0.wp.com\\\/acicorporation.com\\\/espanol\\\/wp-content\\\/uploads\\\/sites\\\/4\\\/2016\\\/05\\\/aci-corporation-logo-1.jpg?fit=119%2C84&ssl=1\",\"contentUrl\":\"https:\\\/\\\/i0.wp.com\\\/acicorporation.com\\\/espanol\\\/wp-content\\\/uploads\\\/sites\\\/4\\\/2016\\\/05\\\/aci-corporation-logo-1.jpg?fit=119%2C84&ssl=1\",\"width\":119,\"height\":84,\"caption\":\"ACI USA Inc.\"},\"image\":{\"@id\":\"https:\\\/\\\/acicorporation.com\\\/espanol\\\/#\\\/schema\\\/logo\\\/image\\\/\"},\"sameAs\":[\"https:\\\/\\\/www.linkedin.com\\\/company\\\/aci-usa-inc-\"]}]}<\/script>\n<!-- \/ Yoast SEO plugin. -->","yoast_head_json":{"title":"Topograf\u00eda LiDAR y Fotogrametr\u00eda - Tecnolog\u00eda Lidar - ACI Corporation","description":"Topograf\u00eda LiDAR y Fotogrametr\u00eda - ACI tiene equipo de medici\u00f3n avanzado para Topograf\u00eda y Fotogrametr\u00eda el cual incluye sistema LiDAR a\u00e9reo no tripulado.","robots":{"index":"index","follow":"follow","max-snippet":"max-snippet:-1","max-image-preview":"max-image-preview:large","max-video-preview":"max-video-preview:-1"},"canonical":"https:\/\/acicorporation.com\/espanol\/lidar-technology\/","og_locale":"en_US","og_type":"article","og_title":"Topograf\u00eda LiDAR y Fotogrametr\u00eda - Tecnolog\u00eda Lidar - ACI Corporation","og_description":"Topograf\u00eda LiDAR y Fotogrametr\u00eda - ACI tiene equipo de medici\u00f3n avanzado para Topograf\u00eda y Fotogrametr\u00eda el cual incluye sistema LiDAR a\u00e9reo no tripulado.","og_url":"https:\/\/acicorporation.com\/espanol\/lidar-technology\/","og_site_name":"ACI Corporation Esp","article_modified_time":"2025-05-14T16:34:37+00:00","og_image":[{"width":1903,"height":1047,"url":"https:\/\/acicorporation.com\/espanol\/wp-content\/uploads\/sites\/4\/2016\/05\/lidar-image-6.jpg","type":"image\/jpeg"}],"twitter_card":"summary_large_image","twitter_misc":{"Est. reading time":"3 minutes"},"schema":{"@context":"https:\/\/schema.org","@graph":[{"@type":"WebPage","@id":"https:\/\/acicorporation.com\/espanol\/lidar-technology\/","url":"https:\/\/acicorporation.com\/espanol\/lidar-technology\/","name":"Topograf\u00eda LiDAR y Fotogrametr\u00eda - Tecnolog\u00eda Lidar - ACI Corporation","isPartOf":{"@id":"https:\/\/acicorporation.com\/espanol\/#website"},"primaryImageOfPage":{"@id":"https:\/\/acicorporation.com\/espanol\/lidar-technology\/#primaryimage"},"image":{"@id":"https:\/\/acicorporation.com\/espanol\/lidar-technology\/#primaryimage"},"thumbnailUrl":"https:\/\/i0.wp.com\/acicorporation.com\/espanol\/wp-content\/uploads\/sites\/4\/2016\/05\/lidar-image-6.jpg?fit=1903%2C1047&ssl=1","datePublished":"2016-05-16T19:20:20+00:00","dateModified":"2025-05-14T16:34:37+00:00","description":"Topograf\u00eda LiDAR y Fotogrametr\u00eda - ACI tiene equipo de medici\u00f3n avanzado para Topograf\u00eda y Fotogrametr\u00eda el cual incluye sistema LiDAR a\u00e9reo no tripulado.","breadcrumb":{"@id":"https:\/\/acicorporation.com\/espanol\/lidar-technology\/#breadcrumb"},"inLanguage":"en-US","potentialAction":[{"@type":"ReadAction","target":["https:\/\/acicorporation.com\/espanol\/lidar-technology\/"]}]},{"@type":"ImageObject","inLanguage":"en-US","@id":"https:\/\/acicorporation.com\/espanol\/lidar-technology\/#primaryimage","url":"https:\/\/i0.wp.com\/acicorporation.com\/espanol\/wp-content\/uploads\/sites\/4\/2016\/05\/lidar-image-6.jpg?fit=1903%2C1047&ssl=1","contentUrl":"https:\/\/i0.wp.com\/acicorporation.com\/espanol\/wp-content\/uploads\/sites\/4\/2016\/05\/lidar-image-6.jpg?fit=1903%2C1047&ssl=1","width":1903,"height":1047,"caption":"Topograf\u00eda LiDAR y Fotogrametr\u00eda - Tecnolog\u00eda Lidar"},{"@type":"BreadcrumbList","@id":"https:\/\/acicorporation.com\/espanol\/lidar-technology\/#breadcrumb","itemListElement":[{"@type":"ListItem","position":1,"name":"Home","item":"https:\/\/acicorporation.com\/espanol\/"},{"@type":"ListItem","position":2,"name":"Tecnolog\u00eda LiDAR"}]},{"@type":"WebSite","@id":"https:\/\/acicorporation.com\/espanol\/#website","url":"https:\/\/acicorporation.com\/espanol\/","name":"ACI Corporation","description":"Civil Engineering Firm \u2013 Transportation Planning \u2013 Roadway Design and Evaluation \u2013 LiDAR Surveying","publisher":{"@id":"https:\/\/acicorporation.com\/espanol\/#organization"},"potentialAction":[{"@type":"SearchAction","target":{"@type":"EntryPoint","urlTemplate":"https:\/\/acicorporation.com\/espanol\/?s={search_term_string}"},"query-input":{"@type":"PropertyValueSpecification","valueRequired":true,"valueName":"search_term_string"}}],"inLanguage":"en-US"},{"@type":"Organization","@id":"https:\/\/acicorporation.com\/espanol\/#organization","name":"ACI USA Inc.","url":"https:\/\/acicorporation.com\/espanol\/","logo":{"@type":"ImageObject","inLanguage":"en-US","@id":"https:\/\/acicorporation.com\/espanol\/#\/schema\/logo\/image\/","url":"https:\/\/i0.wp.com\/acicorporation.com\/espanol\/wp-content\/uploads\/sites\/4\/2016\/05\/aci-corporation-logo-1.jpg?fit=119%2C84&ssl=1","contentUrl":"https:\/\/i0.wp.com\/acicorporation.com\/espanol\/wp-content\/uploads\/sites\/4\/2016\/05\/aci-corporation-logo-1.jpg?fit=119%2C84&ssl=1","width":119,"height":84,"caption":"ACI USA Inc."},"image":{"@id":"https:\/\/acicorporation.com\/espanol\/#\/schema\/logo\/image\/"},"sameAs":["https:\/\/www.linkedin.com\/company\/aci-usa-inc-"]}]}},"jetpack_sharing_enabled":true,"_links":{"self":[{"href":"https:\/\/acicorporation.com\/espanol\/wp-json\/wp\/v2\/pages\/18","targetHints":{"allow":["GET"]}}],"collection":[{"href":"https:\/\/acicorporation.com\/espanol\/wp-json\/wp\/v2\/pages"}],"about":[{"href":"https:\/\/acicorporation.com\/espanol\/wp-json\/wp\/v2\/types\/page"}],"author":[{"embeddable":true,"href":"https:\/\/acicorporation.com\/espanol\/wp-json\/wp\/v2\/users\/1"}],"replies":[{"embeddable":true,"href":"https:\/\/acicorporation.com\/espanol\/wp-json\/wp\/v2\/comments?post=18"}],"version-history":[{"count":0,"href":"https:\/\/acicorporation.com\/espanol\/wp-json\/wp\/v2\/pages\/18\/revisions"}],"wp:featuredmedia":[{"embeddable":true,"href":"https:\/\/acicorporation.com\/espanol\/wp-json\/wp\/v2\/media\/555"}],"wp:attachment":[{"href":"https:\/\/acicorporation.com\/espanol\/wp-json\/wp\/v2\/media?parent=18"}],"curies":[{"name":"wp","href":"https:\/\/api.w.org\/{rel}","templated":true}]}}