{"id":10,"date":"2016-05-16T19:12:53","date_gmt":"2016-05-16T19:12:53","guid":{"rendered":"http:\/\/acicorporation.com\/?page_id=10"},"modified":"2025-05-14T12:22:05","modified_gmt":"2025-05-14T16:22:05","slug":"about-us","status":"publish","type":"page","link":"https:\/\/acicorporation.com\/espanol\/about-us\/","title":{"rendered":"Qui\u00e9nes Somos"},"content":{"rendered":"<div class=\"wpb-content-wrapper\">[vc_row content_placement=&#8221;middle&#8221; css=&#8221;.vc_custom_1746551508806{background-image: url(https:\/\/acicorporation.com\/wp-content\/uploads\/2025\/05\/about-header.jpg?id=1820) !important;background-position: center !important;background-repeat: no-repeat !important;background-size: cover !important;}&#8221; wpex_bg_position=&#8221;center center&#8221; wpex_bg_overlay=&#8221;custom&#8221; wpex_bg_overlay_color=&#8221;#000000&#8243; wpex_bg_overlay_opacity=&#8221;20%&#8221;][vc_column]\t<style>.vcex_69e357c639796{height:250px;}@media (max-width:1024px){.vcex_69e357c639796{height:150px;}}@media (max-width:959px){.vcex_69e357c639796{height:150px;}}@media (max-width:767px){.vcex_69e357c639796{height:200px;}}@media (max-width:479px){.vcex_69e357c639796{height:200px;}}<\/style>\n<div class=\"vcex-spacing wpex-w-100 wpex-clear vcex_69e357c639796\"><\/div>[vc_column_text css=&#8221;&#8221; color=&#8221;#ffffff&#8221; text_align=&#8221;center&#8221; font_size=&#8221;d:2.4em|tl:2em|tp:2em|pl:1.5em|pp:1.5em&#8221;]\n<h1>Qui\u00e9nes Somos<\/h1>\n[\/vc_column_text]\t<style>.vcex_69e357c63990b{height:150px;}@media (max-width:1024px){.vcex_69e357c63990b{height:150px;}}@media (max-width:959px){.vcex_69e357c63990b{height:150px;}}@media (max-width:767px){.vcex_69e357c63990b{height:50px;}}@media (max-width:479px){.vcex_69e357c63990b{height:50px;}}<\/style>\n<div class=\"vcex-spacing wpex-w-100 wpex-clear vcex_69e357c63990b\"><\/div>[\/vc_column][\/vc_row][vc_row center_row=&#8221;yes&#8221; css=&#8221;.vc_custom_1463503932805{padding-top: 70px !important;padding-right: 7% !important;padding-left: 7% !important;background-color: #ffffff !important;}&#8221; el_class=&#8221;BodyGradient&#8221;][vc_column][vc_column_text css=&#8221;&#8221; el_class=&#8221;excerpt&#8221;]ACI CORPORATION es un grupo empresarial con m\u00e1s de 35 a\u00f1os de experiencia brindando servicios de consultor\u00eda en Ingenier\u00eda Civil y Arquitectura, con una s\u00f3lida presencia en Am\u00e9rica Latina y los Estados Unidos.<\/p>\n<p>Nuestra estructura internacional se conforma por la empresa matriz <em>Asociaci\u00f3n de Consultores en Ingenier\u00eda S. de R.L. (ACI)<\/em>, la firma asociada <em>Geolog\u00eda y Estudios Aplicados S.A. (GEASA)<\/em>, y nuestra representaci\u00f3n en EE. UU., <em>ACI USA, Inc.<\/em><\/p>\n<p>Desde nuestros inicios, nos hemos dedicado a desarrollar proyectos que marcan la diferencia, guiados por una filosof\u00eda de trabajo basada en la excelencia, el profesionalismo y el cumplimiento riguroso de est\u00e1ndares internacionales.<\/p>\n<p>Nuestra trayectoria incluye la ejecuci\u00f3n de proyectos de gran envergadura en Latinoam\u00e9rica y Estados Unidos, financiados por entidades como el Banco Interamericano de Desarrollo (BID), el Banco Centroamericano de Integraci\u00f3n Econ\u00f3mica (BCIE), la Cuenta del Reto del Milenio (MCA), y el Banco Mundial (WB), consolid\u00e1ndonos como una firma l\u00edder en el sector.[\/vc_column_text]<div class=\"vcex-spacing wpex-w-100 wpex-clear\" style=\"height:20px;\"><\/div><div class=\"vcex-spacing wpex-w-100 wpex-clear\" style=\"height:20px;\"><\/div>[vc_column_text css=&#8221;&#8221;]\n<h2><strong>Compromiso con la Calidad<\/strong><\/h2>\n[\/vc_column_text][vc_separator color=&#8221;custom&#8221; align=&#8221;align_left&#8221; border_width=&#8221;3&#8243; css=&#8221;.vc_custom_1745525228439{padding-top: 20px !important;padding-bottom: 20px !important;}&#8221; accent_color=&#8221;#4dab00&#8243;][vc_column_text css=&#8221;&#8221;]Este compromiso se traduce en la implementaci\u00f3n de un Sistema de Gesti\u00f3n de Calidad dise\u00f1ado conforme a los lineamientos de la Organizaci\u00f3n Internacional de Normalizaci\u00f3n (ISO), siendo miembros activos de esta red global que lidera el desarrollo de est\u00e1ndares voluntarios de calidad al contar con su certificaci\u00f3n.<\/p>\n<p>Dicho sistema garantiza que cada proyecto cumpla con los requisitos t\u00e9cnicos, contractuales y operativos exigidos, asegurando eficiencia, calidad y confiabilidad. Este logro ha sido posible gracias a una estrategia clara de mejora continua, formaci\u00f3n permanente de nuestro equipo humano y una visi\u00f3n tecnol\u00f3gica que impulsa todos nuestros procesos.[\/vc_column_text]<div class=\"vcex-spacing wpex-w-100 wpex-clear\" style=\"height:20px;\"><\/div>[vc_column_text css=&#8221;&#8221;]\n<h2><strong>Nuestro Equipo Humano<\/strong><\/h2>\n[\/vc_column_text][vc_separator color=&#8221;custom&#8221; align=&#8221;align_left&#8221; border_width=&#8221;3&#8243; css=&#8221;.vc_custom_1745525251691{padding-top: 20px !important;padding-bottom: 20px !important;}&#8221; accent_color=&#8221;#4dab00&#8243;][vc_column_text css=&#8221;&#8221;]Nuestro equipo humano es uno de nuestros principales diferenciales. Lo conforman ingenieros, arquitectos, t\u00e9cnicos y especialistas altamente calificados, con formaci\u00f3n continua en \u00e1reas como dise\u00f1o vial, dise\u00f1o estructural, planificaci\u00f3n de transporte, an\u00e1lisis de pavimentos, geolog\u00eda y geotecnia, dise\u00f1o de presas, dise\u00f1o de hospitales y gesti\u00f3n ambiental entre otras.<\/p>\n<p>A esto se suma una valiosa diferenciaci\u00f3n t\u00e9cnica ya que contamos con especialistas en resoluci\u00f3n de conflictos bajo el mecanismo DAB (Dispute Adjudication Board) y expertos en contratos FIDIC, altamente demandados en proyectos financiados por organismos multilaterales.[\/vc_column_text]<div class=\"vcex-spacing wpex-w-100 wpex-clear\" style=\"height:20px;\"><\/div>[vc_column_text css=&#8221;&#8221;]\n<h2><strong>Tecnolog\u00eda de Punta<\/strong><\/h2>\n[\/vc_column_text][vc_separator color=&#8221;custom&#8221; align=&#8221;align_left&#8221; border_width=&#8221;3&#8243; css=&#8221;.vc_custom_1745525251691{padding-top: 20px !important;padding-bottom: 20px !important;}&#8221; accent_color=&#8221;#4dab00&#8243;][vc_column_text css=&#8221;&#8221;]En ACI CORPORATION estamos convencidos de que el futuro de la ingenier\u00eda requiere una mentalidad innovadora y una base tecnol\u00f3gica s\u00f3lida. Por ello, realizamos inversiones sostenidas en la incorporaci\u00f3n de equipos de \u00faltima generaci\u00f3n para la evaluaci\u00f3n de pavimentos, levantamientos topogr\u00e1ficos (incluidos sistemas LiDAR tripulados y no tripulados) y exploraci\u00f3n geot\u00e9cnica mediante perforadoras de alta capacidad.<\/p>\n<p>Contamos adem\u00e1s con un laboratorio propio equipado con tecnolog\u00eda moderna para realizar ensayos en suelos, asfaltos y concreto hidr\u00e1ulico.<\/p>\n<p>Complementamos estos recursos con herramientas basadas en Inteligencia Artificial y el uso de los programas m\u00e1s avanzados del mercado para el dise\u00f1o, simulaci\u00f3n y validaci\u00f3n de obras de infraestructura.<\/p>\n<p>Esta combinaci\u00f3n nos permite desarrollar propuestas s\u00f3lidas de ingenier\u00eda de valor, ofreciendo soluciones optimizadas, sostenibles y alineadas con las mejores pr\u00e1cticas internacionales.[\/vc_column_text]<div class=\"vcex-spacing wpex-w-100 wpex-clear\" style=\"height:20px;\"><\/div>[vc_column_text css=&#8221;&#8221;]\n<h1><strong>MISION Y VISION<\/strong><\/h1>\n[\/vc_column_text][vc_separator color=&#8221;custom&#8221; align=&#8221;align_left&#8221; border_width=&#8221;3&#8243; css=&#8221;.vc_custom_1745525251691{padding-top: 20px !important;padding-bottom: 20px !important;}&#8221; accent_color=&#8221;#4dab00&#8243;][vc_column_text css=&#8221;&#8221;]\n<h2><strong>Misi\u00f3n<\/strong><\/h2>\n[\/vc_column_text][vc_column_text css=&#8221;&#8221;]Brindar servicios de consultor\u00eda en ingenier\u00eda civil y arquitectura con los m\u00e1s altos est\u00e1ndares de calidad, integrando talento humano especializado, tecnolog\u00eda de vanguardia y un enfoque centrado en la excelencia t\u00e9cnica, la sostenibilidad y el cumplimiento normativo.<\/p>\n<p>Nos comprometemos a ofrecer soluciones eficientes, innovadoras y adaptadas a las necesidades de nuestros clientes, contribuyendo al desarrollo de infraestructuras que impacten positivamente a las comunidades.[\/vc_column_text]<div class=\"vcex-spacing wpex-w-100 wpex-clear\"><\/div>[vc_column_text css=&#8221;&#8221;]\n<h2><strong>Visi\u00f3n<\/strong><\/h2>\n[\/vc_column_text][vc_column_text css=&#8221;&#8221;]En ACI CORPORATION creemos que la ingenier\u00eda no solo transforma espacios, sino que impulsa el desarrollo y mejora la calidad de vida de las personas. En cada proyecto, buscamos mucho m\u00e1s que cumplir especificaciones: aspiramos a transformar realidades.<\/p>\n<p>Porque para nosotros, la ingenier\u00eda es una herramienta poderosa para construir progreso, generar oportunidades y dejar un legado duradero all\u00ed donde trabajamos.[\/vc_column_text][\/vc_column][\/vc_row]\n<\/div>","protected":false},"excerpt":{"rendered":"<p>[vc_row content_placement=&#8221;middle&#8221; css=&#8221;.vc_custom_1746551508806{background-image: url(https:\/\/acicorporation.com\/wp-content\/uploads\/2025\/05\/about-header.jpg?id=1820) !important;background-position: center !important;background-repeat: no-repeat !important;background-size: cover !important;}&#8221; wpex_bg_position=&#8221;center center&#8221; wpex_bg_overlay=&#8221;custom&#8221; wpex_bg_overlay_color=&#8221;#000000&#8243; wpex_bg_overlay_opacity=&#8221;20%&#8221;][vc_column][vc_column_text css=&#8221;&#8221; color=&#8221;#ffffff&#8221; text_align=&#8221;center&#8221; font_size=&#8221;d:2.4em|tl:2em|tp:2em|pl:1.5em|pp:1.5em&#8221;] Qui\u00e9nes Somos [\/vc_column_text][\/vc_column][\/vc_row][vc_row center_row=&#8221;yes&#8221; css=&#8221;.vc_custom_1463503932805{padding-top: 70px !important;padding-right: 7% !important;padding-left: 7% !important;background-color: #ffffff !important;}&#8221; el_class=&#8221;BodyGradient&#8221;][vc_column][vc_column_text css=&#8221;&#8221; el_class=&#8221;excerpt&#8221;]ACI CORPORATION es un grupo empresarial con m\u00e1s de 35 a\u00f1os de experiencia brindando servicios de consultor\u00eda en Ingenier\u00eda Civil&hellip;<\/p>\n","protected":false},"author":1,"featured_media":1451,"parent":0,"menu_order":0,"comment_status":"closed","ping_status":"closed","template":"","meta":{"footnotes":""},"class_list":["post-10","page","type-page","status-publish","has-post-thumbnail","hentry","entry","has-media"],"yoast_head":"<!-- This site is optimized with the Yoast SEO plugin v27.4 - https:\/\/yoast.com\/product\/yoast-seo-wordpress\/ -->\n<title>Compa\u00f1\u00eda de Ingenier\u00eda Civil en Florida, Honduras, y Panam\u00e1<\/title>\n<meta name=\"description\" content=\"ACI CORPORATION es un grupo empresarial con m\u00e1s de 35 a\u00f1os de experiencia brindando servicios de consultor\u00eda en Ingenier\u00eda Civil y Arquitectura, con una s\u00f3lida presencia en Am\u00e9rica Latina y los Estados Unidos.\" \/>\n<meta name=\"robots\" content=\"index, follow, max-snippet:-1, max-image-preview:large, max-video-preview:-1\" \/>\n<link rel=\"canonical\" href=\"https:\/\/acicorporation.com\/espanol\/about-us\/\" \/>\n<meta property=\"og:locale\" content=\"en_US\" \/>\n<meta property=\"og:type\" content=\"article\" \/>\n<meta property=\"og:title\" content=\"Compa\u00f1\u00eda de Ingenier\u00eda Civil en Florida, Honduras, y Panam\u00e1\" \/>\n<meta property=\"og:description\" content=\"ACI CORPORATION es un grupo empresarial con m\u00e1s de 35 a\u00f1os de experiencia brindando servicios de consultor\u00eda en Ingenier\u00eda Civil y Arquitectura, con una s\u00f3lida presencia en Am\u00e9rica Latina y los Estados Unidos.\" \/>\n<meta property=\"og:url\" content=\"https:\/\/acicorporation.com\/espanol\/about-us\/\" \/>\n<meta property=\"og:site_name\" content=\"ACI Corporation Esp\" \/>\n<meta property=\"article:modified_time\" content=\"2025-05-14T16:22:05+00:00\" \/>\n<meta property=\"og:image\" content=\"https:\/\/acicorporation.com\/espanol\/wp-content\/uploads\/sites\/4\/2022\/06\/ACI-projects.png\" \/>\n\t<meta property=\"og:image:width\" content=\"980\" \/>\n\t<meta property=\"og:image:height\" content=\"551\" \/>\n\t<meta property=\"og:image:type\" content=\"image\/png\" \/>\n<meta name=\"twitter:card\" content=\"summary_large_image\" \/>\n<meta name=\"twitter:label1\" content=\"Est. reading time\" \/>\n\t<meta name=\"twitter:data1\" content=\"4 minutes\" \/>\n<script type=\"application\/ld+json\" class=\"yoast-schema-graph\">{\"@context\":\"https:\\\/\\\/schema.org\",\"@graph\":[{\"@type\":\"WebPage\",\"@id\":\"https:\\\/\\\/acicorporation.com\\\/espanol\\\/about-us\\\/\",\"url\":\"https:\\\/\\\/acicorporation.com\\\/espanol\\\/about-us\\\/\",\"name\":\"Compa\u00f1\u00eda de Ingenier\u00eda Civil en Florida, Honduras, y Panam\u00e1\",\"isPartOf\":{\"@id\":\"https:\\\/\\\/acicorporation.com\\\/espanol\\\/#website\"},\"primaryImageOfPage\":{\"@id\":\"https:\\\/\\\/acicorporation.com\\\/espanol\\\/about-us\\\/#primaryimage\"},\"image\":{\"@id\":\"https:\\\/\\\/acicorporation.com\\\/espanol\\\/about-us\\\/#primaryimage\"},\"thumbnailUrl\":\"https:\\\/\\\/i0.wp.com\\\/acicorporation.com\\\/espanol\\\/wp-content\\\/uploads\\\/sites\\\/4\\\/2022\\\/06\\\/ACI-projects.png?fit=980%2C551&ssl=1\",\"datePublished\":\"2016-05-16T19:12:53+00:00\",\"dateModified\":\"2025-05-14T16:22:05+00:00\",\"description\":\"ACI CORPORATION es un grupo empresarial con m\u00e1s de 35 a\u00f1os de experiencia brindando servicios de consultor\u00eda en Ingenier\u00eda Civil y Arquitectura, con una s\u00f3lida presencia en Am\u00e9rica Latina y los Estados Unidos.\",\"breadcrumb\":{\"@id\":\"https:\\\/\\\/acicorporation.com\\\/espanol\\\/about-us\\\/#breadcrumb\"},\"inLanguage\":\"en-US\",\"potentialAction\":[{\"@type\":\"ReadAction\",\"target\":[\"https:\\\/\\\/acicorporation.com\\\/espanol\\\/about-us\\\/\"]}]},{\"@type\":\"ImageObject\",\"inLanguage\":\"en-US\",\"@id\":\"https:\\\/\\\/acicorporation.com\\\/espanol\\\/about-us\\\/#primaryimage\",\"url\":\"https:\\\/\\\/i0.wp.com\\\/acicorporation.com\\\/espanol\\\/wp-content\\\/uploads\\\/sites\\\/4\\\/2022\\\/06\\\/ACI-projects.png?fit=980%2C551&ssl=1\",\"contentUrl\":\"https:\\\/\\\/i0.wp.com\\\/acicorporation.com\\\/espanol\\\/wp-content\\\/uploads\\\/sites\\\/4\\\/2022\\\/06\\\/ACI-projects.png?fit=980%2C551&ssl=1\",\"width\":980,\"height\":551,\"caption\":\"Construccion de represa de compuertas\"},{\"@type\":\"BreadcrumbList\",\"@id\":\"https:\\\/\\\/acicorporation.com\\\/espanol\\\/about-us\\\/#breadcrumb\",\"itemListElement\":[{\"@type\":\"ListItem\",\"position\":1,\"name\":\"Home\",\"item\":\"https:\\\/\\\/acicorporation.com\\\/espanol\\\/\"},{\"@type\":\"ListItem\",\"position\":2,\"name\":\"Qui\u00e9nes Somos\"}]},{\"@type\":\"WebSite\",\"@id\":\"https:\\\/\\\/acicorporation.com\\\/espanol\\\/#website\",\"url\":\"https:\\\/\\\/acicorporation.com\\\/espanol\\\/\",\"name\":\"ACI Corporation\",\"description\":\"Civil Engineering Firm \u2013 Transportation Planning \u2013 Roadway Design and Evaluation \u2013 LiDAR Surveying\",\"publisher\":{\"@id\":\"https:\\\/\\\/acicorporation.com\\\/espanol\\\/#organization\"},\"potentialAction\":[{\"@type\":\"SearchAction\",\"target\":{\"@type\":\"EntryPoint\",\"urlTemplate\":\"https:\\\/\\\/acicorporation.com\\\/espanol\\\/?s={search_term_string}\"},\"query-input\":{\"@type\":\"PropertyValueSpecification\",\"valueRequired\":true,\"valueName\":\"search_term_string\"}}],\"inLanguage\":\"en-US\"},{\"@type\":\"Organization\",\"@id\":\"https:\\\/\\\/acicorporation.com\\\/espanol\\\/#organization\",\"name\":\"ACI USA Inc.\",\"url\":\"https:\\\/\\\/acicorporation.com\\\/espanol\\\/\",\"logo\":{\"@type\":\"ImageObject\",\"inLanguage\":\"en-US\",\"@id\":\"https:\\\/\\\/acicorporation.com\\\/espanol\\\/#\\\/schema\\\/logo\\\/image\\\/\",\"url\":\"https:\\\/\\\/i0.wp.com\\\/acicorporation.com\\\/espanol\\\/wp-content\\\/uploads\\\/sites\\\/4\\\/2016\\\/05\\\/aci-corporation-logo-1.jpg?fit=119%2C84&ssl=1\",\"contentUrl\":\"https:\\\/\\\/i0.wp.com\\\/acicorporation.com\\\/espanol\\\/wp-content\\\/uploads\\\/sites\\\/4\\\/2016\\\/05\\\/aci-corporation-logo-1.jpg?fit=119%2C84&ssl=1\",\"width\":119,\"height\":84,\"caption\":\"ACI USA Inc.\"},\"image\":{\"@id\":\"https:\\\/\\\/acicorporation.com\\\/espanol\\\/#\\\/schema\\\/logo\\\/image\\\/\"},\"sameAs\":[\"https:\\\/\\\/www.linkedin.com\\\/company\\\/aci-usa-inc-\"]}]}<\/script>\n<!-- \/ Yoast SEO plugin. -->","yoast_head_json":{"title":"Compa\u00f1\u00eda de Ingenier\u00eda Civil en Florida, Honduras, y Panam\u00e1","description":"ACI CORPORATION es un grupo empresarial con m\u00e1s de 35 a\u00f1os de experiencia brindando servicios de consultor\u00eda en Ingenier\u00eda Civil y Arquitectura, con una s\u00f3lida presencia en Am\u00e9rica Latina y los Estados Unidos.","robots":{"index":"index","follow":"follow","max-snippet":"max-snippet:-1","max-image-preview":"max-image-preview:large","max-video-preview":"max-video-preview:-1"},"canonical":"https:\/\/acicorporation.com\/espanol\/about-us\/","og_locale":"en_US","og_type":"article","og_title":"Compa\u00f1\u00eda de Ingenier\u00eda Civil en Florida, Honduras, y Panam\u00e1","og_description":"ACI CORPORATION es un grupo empresarial con m\u00e1s de 35 a\u00f1os de experiencia brindando servicios de consultor\u00eda en Ingenier\u00eda Civil y Arquitectura, con una s\u00f3lida presencia en Am\u00e9rica Latina y los Estados Unidos.","og_url":"https:\/\/acicorporation.com\/espanol\/about-us\/","og_site_name":"ACI Corporation Esp","article_modified_time":"2025-05-14T16:22:05+00:00","og_image":[{"width":980,"height":551,"url":"https:\/\/acicorporation.com\/espanol\/wp-content\/uploads\/sites\/4\/2022\/06\/ACI-projects.png","type":"image\/png"}],"twitter_card":"summary_large_image","twitter_misc":{"Est. reading time":"4 minutes"},"schema":{"@context":"https:\/\/schema.org","@graph":[{"@type":"WebPage","@id":"https:\/\/acicorporation.com\/espanol\/about-us\/","url":"https:\/\/acicorporation.com\/espanol\/about-us\/","name":"Compa\u00f1\u00eda de Ingenier\u00eda Civil en Florida, Honduras, y Panam\u00e1","isPartOf":{"@id":"https:\/\/acicorporation.com\/espanol\/#website"},"primaryImageOfPage":{"@id":"https:\/\/acicorporation.com\/espanol\/about-us\/#primaryimage"},"image":{"@id":"https:\/\/acicorporation.com\/espanol\/about-us\/#primaryimage"},"thumbnailUrl":"https:\/\/i0.wp.com\/acicorporation.com\/espanol\/wp-content\/uploads\/sites\/4\/2022\/06\/ACI-projects.png?fit=980%2C551&ssl=1","datePublished":"2016-05-16T19:12:53+00:00","dateModified":"2025-05-14T16:22:05+00:00","description":"ACI CORPORATION es un grupo empresarial con m\u00e1s de 35 a\u00f1os de experiencia brindando servicios de consultor\u00eda en Ingenier\u00eda Civil y Arquitectura, con una s\u00f3lida presencia en Am\u00e9rica Latina y los Estados Unidos.","breadcrumb":{"@id":"https:\/\/acicorporation.com\/espanol\/about-us\/#breadcrumb"},"inLanguage":"en-US","potentialAction":[{"@type":"ReadAction","target":["https:\/\/acicorporation.com\/espanol\/about-us\/"]}]},{"@type":"ImageObject","inLanguage":"en-US","@id":"https:\/\/acicorporation.com\/espanol\/about-us\/#primaryimage","url":"https:\/\/i0.wp.com\/acicorporation.com\/espanol\/wp-content\/uploads\/sites\/4\/2022\/06\/ACI-projects.png?fit=980%2C551&ssl=1","contentUrl":"https:\/\/i0.wp.com\/acicorporation.com\/espanol\/wp-content\/uploads\/sites\/4\/2022\/06\/ACI-projects.png?fit=980%2C551&ssl=1","width":980,"height":551,"caption":"Construccion de represa de compuertas"},{"@type":"BreadcrumbList","@id":"https:\/\/acicorporation.com\/espanol\/about-us\/#breadcrumb","itemListElement":[{"@type":"ListItem","position":1,"name":"Home","item":"https:\/\/acicorporation.com\/espanol\/"},{"@type":"ListItem","position":2,"name":"Qui\u00e9nes Somos"}]},{"@type":"WebSite","@id":"https:\/\/acicorporation.com\/espanol\/#website","url":"https:\/\/acicorporation.com\/espanol\/","name":"ACI Corporation","description":"Civil Engineering Firm \u2013 Transportation Planning \u2013 Roadway Design and Evaluation \u2013 LiDAR Surveying","publisher":{"@id":"https:\/\/acicorporation.com\/espanol\/#organization"},"potentialAction":[{"@type":"SearchAction","target":{"@type":"EntryPoint","urlTemplate":"https:\/\/acicorporation.com\/espanol\/?s={search_term_string}"},"query-input":{"@type":"PropertyValueSpecification","valueRequired":true,"valueName":"search_term_string"}}],"inLanguage":"en-US"},{"@type":"Organization","@id":"https:\/\/acicorporation.com\/espanol\/#organization","name":"ACI USA Inc.","url":"https:\/\/acicorporation.com\/espanol\/","logo":{"@type":"ImageObject","inLanguage":"en-US","@id":"https:\/\/acicorporation.com\/espanol\/#\/schema\/logo\/image\/","url":"https:\/\/i0.wp.com\/acicorporation.com\/espanol\/wp-content\/uploads\/sites\/4\/2016\/05\/aci-corporation-logo-1.jpg?fit=119%2C84&ssl=1","contentUrl":"https:\/\/i0.wp.com\/acicorporation.com\/espanol\/wp-content\/uploads\/sites\/4\/2016\/05\/aci-corporation-logo-1.jpg?fit=119%2C84&ssl=1","width":119,"height":84,"caption":"ACI USA Inc."},"image":{"@id":"https:\/\/acicorporation.com\/espanol\/#\/schema\/logo\/image\/"},"sameAs":["https:\/\/www.linkedin.com\/company\/aci-usa-inc-"]}]}},"jetpack_sharing_enabled":true,"_links":{"self":[{"href":"https:\/\/acicorporation.com\/espanol\/wp-json\/wp\/v2\/pages\/10","targetHints":{"allow":["GET"]}}],"collection":[{"href":"https:\/\/acicorporation.com\/espanol\/wp-json\/wp\/v2\/pages"}],"about":[{"href":"https:\/\/acicorporation.com\/espanol\/wp-json\/wp\/v2\/types\/page"}],"author":[{"embeddable":true,"href":"https:\/\/acicorporation.com\/espanol\/wp-json\/wp\/v2\/users\/1"}],"replies":[{"embeddable":true,"href":"https:\/\/acicorporation.com\/espanol\/wp-json\/wp\/v2\/comments?post=10"}],"version-history":[{"count":0,"href":"https:\/\/acicorporation.com\/espanol\/wp-json\/wp\/v2\/pages\/10\/revisions"}],"wp:featuredmedia":[{"embeddable":true,"href":"https:\/\/acicorporation.com\/espanol\/wp-json\/wp\/v2\/media\/1451"}],"wp:attachment":[{"href":"https:\/\/acicorporation.com\/espanol\/wp-json\/wp\/v2\/media?parent=10"}],"curies":[{"name":"wp","href":"https:\/\/api.w.org\/{rel}","templated":true}]}}